{"id":2,"date":"2023-09-13T13:04:42","date_gmt":"2023-09-13T11:04:42","guid":{"rendered":"https:\/\/smna.fr\/?page_id=2"},"modified":"2023-09-14T10:53:53","modified_gmt":"2023-09-14T08:53:53","slug":"page-d-exemple","status":"publish","type":"page","link":"https:\/\/smna.fr\/","title":{"rendered":"Aidons les victimes sinistr\u00e9es du s\u00e9isme qui a touch\u00e9 le Maroc !"},"content":{"rendered":"\n<figure class=\"wp-block-image size-large\"><img decoding=\"async\" loading=\"lazy\" width=\"1024\" height=\"1024\" src=\"https:\/\/smna.fr\/wp-content\/uploads\/2023\/09\/Affiche-SMNA-Collecte-de-dons-1-v2-1024x1024.png\" alt=\"\" class=\"wp-image-21\" srcset=\"https:\/\/smna.fr\/wp-content\/uploads\/2023\/09\/Affiche-SMNA-Collecte-de-dons-1-v2-1024x1024.png 1024w, https:\/\/smna.fr\/wp-content\/uploads\/2023\/09\/Affiche-SMNA-Collecte-de-dons-1-v2-300x300.png 300w, https:\/\/smna.fr\/wp-content\/uploads\/2023\/09\/Affiche-SMNA-Collecte-de-dons-1-v2-150x150.png 150w, https:\/\/smna.fr\/wp-content\/uploads\/2023\/09\/Affiche-SMNA-Collecte-de-dons-1-v2-768x768.png 768w, https:\/\/smna.fr\/wp-content\/uploads\/2023\/09\/Affiche-SMNA-Collecte-de-dons-1-v2-230x230.png 230w, https:\/\/smna.fr\/wp-content\/uploads\/2023\/09\/Affiche-SMNA-Collecte-de-dons-1-v2-400x400.png 400w, https:\/\/smna.fr\/wp-content\/uploads\/2023\/09\/Affiche-SMNA-Collecte-de-dons-1-v2-600x600.png 600w, https:\/\/smna.fr\/wp-content\/uploads\/2023\/09\/Affiche-SMNA-Collecte-de-dons-1-v2-640x640.png 640w, https:\/\/smna.fr\/wp-content\/uploads\/2023\/09\/Affiche-SMNA-Collecte-de-dons-1-v2.png 1080w\" sizes=\"(max-width: 1024px) 100vw, 1024px\" \/><\/figure>\n","protected":false},"excerpt":{"rendered":"","protected":false},"author":1,"featured_media":0,"parent":0,"menu_order":0,"comment_status":"closed","ping_status":"open","template":"","meta":{"footnotes":""},"_links":{"self":[{"href":"https:\/\/smna.fr\/index.php?rest_route=\/wp\/v2\/pages\/2"}],"collection":[{"href":"https:\/\/smna.fr\/index.php?rest_route=\/wp\/v2\/pages"}],"about":[{"href":"https:\/\/smna.fr\/index.php?rest_route=\/wp\/v2\/types\/page"}],"author":[{"embeddable":true,"href":"https:\/\/smna.fr\/index.php?rest_route=\/wp\/v2\/users\/1"}],"replies":[{"embeddable":true,"href":"https:\/\/smna.fr\/index.php?rest_route=%2Fwp%2Fv2%2Fcomments&post=2"}],"version-history":[{"count":3,"href":"https:\/\/smna.fr\/index.php?rest_route=\/wp\/v2\/pages\/2\/revisions"}],"predecessor-version":[{"id":22,"href":"https:\/\/smna.fr\/index.php?rest_route=\/wp\/v2\/pages\/2\/revisions\/22"}],"wp:attachment":[{"href":"https:\/\/smna.fr\/index.php?rest_route=%2Fwp%2Fv2%2Fmedia&parent=2"}],"curies":[{"name":"wp","href":"https:\/\/api.w.org\/{rel}","templated":true}]}}